{"id":10,"date":"2016-06-23T09:17:42","date_gmt":"2016-06-23T09:17:42","guid":{"rendered":"https:\/\/modrapikica.si\/?page_id=10"},"modified":"2026-01-07T14:38:53","modified_gmt":"2026-01-07T12:38:53","slug":"kontakt","status":"publish","type":"page","link":"https:\/\/modrapikica.si\/en\/kontakt\/","title":{"rendered":"CONTACT"},"content":{"rendered":"<p><div class=\"fusion-fullwidth fullwidth-box fusion-builder-row-1 fusion-parallax-none nonhundred-percent-fullwidth non-hundred-percent-height-scrolling\"  style='background-color: rgba(255,255,255,0);background-image: url(\"https:\/\/modrapikica.si\/wp-content\/uploads\/2018\/06\/MONTESSORI-1.jpg\");background-position: center center;background-repeat: no-repeat;padding-top:200px;padding-right:0px;padding-bottom:200px;padding-left:0px;-webkit-background-size:cover;-moz-background-size:cover;-o-background-size:cover;background-size:cover;'><div class=\"fusion-builder-row fusion-row\"><\/div><\/div><div class=\"fusion-fullwidth fullwidth-box fusion-builder-row-2 nonhundred-percent-fullwidth non-hundred-percent-height-scrolling\"  style='background-color: #26c281;background-position: left top;background-repeat: no-repeat;padding-top:100px;padding-right:0px;padding-left:0px;border-top-width:0px;border-bottom-width:0px;border-color:#eae9e9;border-top-style:solid;border-bottom-style:solid;'><div class=\"fusion-builder-row fusion-row\"><div  class=\"fusion-layout-column fusion_builder_column fusion_builder_column_1_1 fusion-builder-column-0 fusion-one-full fusion-column-first fusion-column-last 1_1\"  style='margin-top:0px;margin-bottom:50px;'><div class=\"fusion-column-wrapper\" style=\"padding: 0px 13% 0px 13%;background-position:left top;background-repeat:no-repeat;-webkit-background-size:cover;-moz-background-size:cover;-o-background-size:cover;background-size:cover;\"   data-bg-url=\"\"><div class=\"fusion-text\"><h2 style=\"text-align: center;\"><span style=\"color: #ffffff;\">Sign up<\/span><\/h2>\n<\/div><div class=\"fusion-text\"><p style=\"text-align: center;\"><span style=\"color: #ffffff;\">For more information, please contact us and we will be happy to answer all questions. We look forward to working with you.<\/span><\/p>\n<\/div><div class=\"fusion-sep-clear\"><\/div><div class=\"fusion-separator fusion-full-width-sep sep-none\" style=\"margin-left: auto;margin-right: auto;margin-top:30px;\"><\/div><div role=\"form\" class=\"wpcf7\" id=\"wpcf7-f24-o1\" lang=\"en-US\" dir=\"ltr\">\n<div class=\"screen-reader-response\" role=\"alert\" aria-live=\"polite\"><\/div>\n<form action=\"\/en\/wp-json\/wp\/v2\/pages\/10#wpcf7-f24-o1\" method=\"post\" class=\"wpcf7-form init\" novalidate=\"novalidate\" data-trp-original-action=\"\/en\/wp-json\/wp\/v2\/pages\/10#wpcf7-f24-o1\">\n<div style=\"display: none;\">\n<input type=\"hidden\" name=\"_wpcf7\" value=\"24\" \/>\n<input type=\"hidden\" name=\"_wpcf7_version\" value=\"5.2.2\" \/>\n<input type=\"hidden\" name=\"_wpcf7_locale\" value=\"en_US\" \/>\n<input type=\"hidden\" name=\"_wpcf7_unit_tag\" value=\"wpcf7-f24-o1\" \/>\n<input type=\"hidden\" name=\"_wpcf7_container_post\" value=\"0\" \/>\n<input type=\"hidden\" name=\"_wpcf7_posted_data_hash\" value=\"\" \/>\n<\/div>\n<div class=\"fusion-one-half one_half fusion-layout-column fusion-spacing-yes\"><span class=\"wpcf7-form-control-wrap your-ime\"><input type=\"text\" name=\"your-ime\" value=\"\" size=\"40\" class=\"wpcf7-form-control wpcf7-text wpcf7-validates-as-required\" aria-required=\"true\" aria-invalid=\"false\" placeholder=\"Parent&#039;s name and surname*\" \/><\/span> <\/div>\n<div class=\"fusion-one-half one_half fusion-layout-column fusion-column-last fusion-spacing-yes\"><span class=\"wpcf7-form-control-wrap your-email\"><input type=\"email\" name=\"your-email\" value=\"\" size=\"40\" class=\"wpcf7-form-control wpcf7-text wpcf7-email wpcf7-validates-as-required wpcf7-validates-as-email\" aria-required=\"true\" aria-invalid=\"false\" placeholder=\"Email address*\" \/><\/span> <\/div>\n<div class=\"fusion-one-half one_half fusion-layout-column fusion-spacing-yes\"><span class=\"wpcf7-form-control-wrap tel-288\"><input type=\"tel\" name=\"tel-288\" value=\"\" size=\"40\" class=\"wpcf7-form-control wpcf7-text wpcf7-tel wpcf7-validates-as-required wpcf7-validates-as-tel\" aria-required=\"true\" aria-invalid=\"false\" placeholder=\"Phone number\" \/><\/span>\n <\/div>\n<div class=\"fusion-one-half one_half fusion-layout-column fusion-column-last fusion-spacing-yes\"><span class=\"wpcf7-form-control-wrap text-kraj\"><input type=\"text\" name=\"text-kraj\" value=\"\" size=\"40\" class=\"wpcf7-form-control wpcf7-text wpcf7-validates-as-required\" aria-required=\"true\" aria-invalid=\"false\" placeholder=\"Place of residence\" \/><\/span><\/div>\n<p><span id=\"wpcf7-69e34822ec448-wrapper\" class=\"wpcf7-form-control-wrap address-192-wrap\" ><input type=\"hidden\" name=\"address-192-time-start\" value=\"1776502818\"><input type=\"hidden\" name=\"address-192-time-check\" value=\"4\"><input id=\"wpcf7-69e34822ec448-field\"  class=\"wpcf7-form-control wpcf7-text\" type=\"text\" name=\"address-192\" value=\"\" size=\"40\" tabindex=\"-1\" autocomplete=\"off\" \/><\/span><\/p>\n<div class=\"fusion-one-half one_half fusion-layout-column fusion-spacing-yes\"><span style=\"color:#i2i2i2;\">The child's age*:<\/span><br \/>\n<span class=\"wpcf7-form-control-wrap menu-starost\"><select name=\"menu-starost\" class=\"wpcf7-form-control wpcf7-select wpcf7-validates-as-required\" aria-required=\"true\" aria-invalid=\"false\"><option value=\"0 let\">0 years old<\/option><option value=\"1 leto\">1 year old<\/option><option value=\"2 leti\">2 years old<\/option><option value=\"3 leta\">3 years old<\/option><option value=\"4 leta\">4 years old<\/option><option value=\"5 let\">5 years old<\/option><option value=\"6 let\">6 years old<\/option><\/select><\/span> <\/div>\n<div class=\"fusion-one-half one_half fusion-layout-column fusion-column-last fusion-spacing-yes\"><span style=\"color:#i2i2i2;\">Sign up for: <span class=\"wpcf7-form-control-wrap menu-prijava\"><select name=\"menu-prijava\" class=\"wpcf7-form-control wpcf7-select wpcf7-validates-as-required\" aria-required=\"true\" aria-invalid=\"false\"><option value=\"\">---<\/option><option value=\"MINI MONTESSORI \u2013 dopoldanski program za dojen\u010dke od 3.-10. meseca\">MINI MONTESSORI \u2013 a morning programme for 3- to 10-month-old babies.<\/option><option value=\"POS \u2013 Popoldanski program za otroke in star\u0161e v starosti 11. mesecev \u2013 36 mesecev\">POS \u2013 an afternoon programme for parents and 11- to 36-month-old children.<\/option><option value=\"POS \u2013 Popoldanski program za otroke in star\u0161e v starosti 3-6 let\">POS \u2013 an afternoon programme for parents and 3- to 6-year-old children.<\/option><option value=\"Montessori za bodo\u010de \u0161olarje\">Montessori for future schoolchildren<\/option><option value=\"Poletni NTC tabor\">NTC summer camp<\/option><option value=\"Poletni gozdni vrtec\">Summer forest kindergarten<\/option><option value=\"Program \u2013 Odvajanje od plenic: Suhi v jesen\">Potty training programme: \"Dry in autumn\"<\/option><option value=\"Modra knjigica \u2013 projekt branja otroku od rojstva naprej\">\"Modra knjigica\" book club \u2013 reading to the child from birth<\/option><option value=\"Individualna svetovanja in delavnice\">Individual consultations and workshops<\/option><\/select><\/span><\/span>\n<\/div>\n<p style=\"font-size:12px; line-height:1.7;\" >If you enter your personal data in the input fields and click the \"SIGN UP\" button, the company <i>Modra Pikica, private educational organisation<\/i>will store and process the submitted data for the purpose of preparing a response to your message. More information on how the company <i>Modra Pikica, private educational organisation<\/i>processes personal data can be found on the following page: <a href=\"https:\/\/modrapikica.si\/en\/varstvo-podatkov\/\">Data Protection <\/a>.<\/p>\n<div>\n<p style=\"font-size:12px; line-height: 1.7;\" ><span class=\"wpcf7-form-control-wrap acceptance-610\"><span class=\"wpcf7-form-control wpcf7-acceptance optional\"><span class=\"wpcf7-list-item\"><input type=\"checkbox\" name=\"acceptance-610\" value=\"1\" aria-invalid=\"false\" \/><\/span><\/span><\/span>Check this box if you agree that the company <i>Modra Pikica, private educational organisation<\/i>sends you occasional emails to the email address you've provided. You can withdraw your consent at any time via a link in each email you receive or by contacting us. More information about how we process your personal data can be found on the following page: <a href=\"https:\/\/modrapikica.si\/en\/varstvo-podatkov\/\">Data Protection <\/a>. <\/p>\n<\/div>\n<p>\n<div class=\"anr_captcha_field\"><div id=\"anr_captcha_field_1\" class=\"anr_captcha_field_div\"><\/div><\/div><span class=\"wpcf7-form-control-wrap g-recaptcha-response\"><\/span><br \/>\n<\/p>\n<p><input type=\"submit\" value=\"Sign up\" class=\"wpcf7-form-control wpcf7-submit\" \/><\/p>\n<p style=\"font-size:12px; line-height: 1.7;\" >We will use your data exclusively for the purpose for which we obtained your consent. We will use your personal information confidentially and will not pass it on to any third parties. We treat your privacy in accordance with the GDPR and the Personal Data Protection Act.<\/p>\n<p style=\"font-size:12px; line-height: 1.7;\" >You can unsubscribe at any time by sending an email to the following email address: <a href=\"mailto:info@modrapikica.si\">info@modrapikica.si<\/a> with the subject line <i>Request to unsubscribe<\/i>. After processing your request to unsubscribe, the company<i>Modra Pikica, private educational organisation<\/i>will stop sending you content from which you have unsubscribed. Additional details regarding this process, how we process your data and the protection of personal data can be found on the following page: <a href=\"https:\/\/modrapikica.si\/en\/varstvo-podatkov\/\">Data Protection <\/a>.<\/p>\n<div class=\"fusion-alert alert custom alert-custom fusion-alert-center wpcf7-response-output fusion-alert-capitalize alert-dismissable\" style=\"border-width:1px;\"><button type=\"button\" class=\"close toggle-alert\" data-dismiss=\"alert\" aria-hidden=\"true\">\u00d7<\/button><div class=\"fusion-alert-content-wrapper\"><span class=\"fusion-alert-content\"><\/span><\/div><\/div><input type=\"hidden\" name=\"trp-form-language\" value=\"en\"\/><\/form><\/div><div class=\"fusion-clearfix\"><\/div><\/div><\/div><div  class=\"fusion-layout-column fusion_builder_column fusion_builder_column_1_1 fusion-builder-column-1 fusion-one-full fusion-column-first fusion-column-last fusion-column-no-min-height 1_1\"  style='margin-top:0px;margin-bottom:0px;'><div class=\"fusion-column-wrapper\" style=\"padding: 0px 0px 0px 0px;background-position:left top;background-repeat:no-repeat;-webkit-background-size:cover;-moz-background-size:cover;-o-background-size:cover;background-size:cover;\"   data-bg-url=\"\"><div class=\"fusion-section-separator section-separator clouds fusion-section-separator-with-offset\" style=\"padding:0;margin-left:calc( (100vw - 100% ) \/ -2 );margin-right:calc( (100vw - 100% ) \/ -2  );\"><svg class=\"fusion-clouds-candy\" xmlns=\"http:\/\/www.w3.org\/2000\/svg\" version=\"1.1\" width=\"100%\" height=\"100\" viewbox=\"0 0 100 100\" preserveaspectratio=\"none\" style=\"fill:#ffffff;padding:0;\"><path d=\"M-5 100 Q 0 20 5 100 Z\"><\/path>\n\t\t\t\t\t\t\t\t<path d=\"M0 100 Q 5 0 10 100\"><\/path>\n\t\t\t\t\t\t\t\t<path d=\"M5 100 Q 10 30 15 100\"><\/path>\n\t\t\t\t\t\t\t\t<path d=\"M10 100 Q 15 10 20 100\"><\/path>\n\t\t\t\t\t\t\t\t<path d=\"M15 100 Q 20 30 25 100\"><\/path>\n\t\t\t\t\t\t\t\t<path d=\"M20 100 Q 25 -10 30 100\"><\/path>\n\t\t\t\t\t\t\t\t<path d=\"M25 100 Q 30 10 35 100\"><\/path>\n\t\t\t\t\t\t\t\t<path d=\"M30 100 Q 35 30 40 100\"><\/path>\n\t\t\t\t\t\t\t\t<path d=\"M35 100 Q 40 10 45 100\"><\/path>\n\t\t\t\t\t\t\t\t<path d=\"M40 100 Q 45 50 50 100\"><\/path>\n\t\t\t\t\t\t\t\t<path d=\"M45 100 Q 50 20 55 100\"><\/path>\n\t\t\t\t\t\t\t\t<path d=\"M50 100 Q 55 40 60 100\"><\/path>\n\t\t\t\t\t\t\t\t<path d=\"M55 100 Q 60 60 65 100\"><\/path>\n\t\t\t\t\t\t\t\t<path d=\"M60 100 Q 65 50 70 100\"><\/path>\n\t\t\t\t\t\t\t\t<path d=\"M65 100 Q 70 20 75 100\"><\/path>\n\t\t\t\t\t\t\t\t<path d=\"M70 100 Q 75 45 80 100\"><\/path>\n\t\t\t\t\t\t\t\t<path d=\"M75 100 Q 80 30 85 100\"><\/path>\n\t\t\t\t\t\t\t\t<path d=\"M80 100 Q 85 20 90 100\"><\/path>\n\t\t\t\t\t\t\t\t<path d=\"M85 100 Q 90 50 95 100\"><\/path>\n\t\t\t\t\t\t\t\t<path d=\"M90 100 Q 95 25 100 100\"><\/path>\n\t\t\t\t\t\t\t\t<path d=\"M95 100 Q 100 15 105 100 Z\"><\/path><\/svg><\/div><div class=\"fusion-clearfix\"><\/div><\/div><\/div><\/div><\/div><div class=\"fusion-fullwidth fullwidth-box fusion-builder-row-3 nonhundred-percent-fullwidth non-hundred-percent-height-scrolling fusion-equal-height-columns\"  style='background-color: rgba(255,255,255,0);background-position: left top;background-repeat: no-repeat;padding-top:40px;border-top-width:0px;border-bottom-width:0px;border-color:#eae9e9;border-top-style:solid;border-bottom-style:solid;'><div class=\"fusion-builder-row fusion-row\"><div  class=\"fusion-layout-column fusion_builder_column fusion_builder_column_1_1 fusion-builder-column-2 fusion-one-full fusion-column-first fusion-column-last 1_1\"  style='margin-top:0px;margin-bottom:50px;'><div class=\"fusion-column-wrapper\" style=\"padding: 100px 10% 100px 10%;background-position:left top;background-repeat:no-repeat;-webkit-background-size:cover;-moz-background-size:cover;-o-background-size:cover;background-size:cover;\"   data-bg-url=\"\"><div class=\"fusion-column-content-centered\"><div class=\"fusion-column-content\"><div class=\"fusion-content-boxes content-boxes columns row fusion-columns-3 fusion-columns-total-3 fusion-content-boxes-1 content-boxes-icon-on-top content-left\" data-animationoffset=\"100%\" style=\"margin-top:0px;margin-bottom:0px;\"><style type=\"text\/css\">.fusion-content-boxes-1 .heading .content-box-heading {color:#353331;}\n\t\t\t\t\t.fusion-content-boxes-1 .fusion-content-box-hover .link-area-link-icon-hover .heading .content-box-heading,\n\t\t\t\t\t.fusion-content-boxes-1 .fusion-content-box-hover .link-area-link-icon-hover .heading .heading-link .content-box-heading,\n\t\t\t\t\t.fusion-content-boxes-1 .fusion-content-box-hover .link-area-box-hover .heading .content-box-heading,\n\t\t\t\t\t.fusion-content-boxes-1 .fusion-content-box-hover .link-area-box-hover .heading .heading-link .content-box-heading,\n\t\t\t\t\t.fusion-content-boxes-1 .fusion-content-box-hover .link-area-link-icon-hover.link-area-box .fusion-read-more,\n\t\t\t\t\t.fusion-content-boxes-1 .fusion-content-box-hover .link-area-link-icon-hover.link-area-box .fusion-read-more::after,\n\t\t\t\t\t.fusion-content-boxes-1 .fusion-content-box-hover .link-area-link-icon-hover.link-area-box .fusion-read-more::before,\n\t\t\t\t\t.fusion-content-boxes-1 .fusion-content-box-hover .fusion-read-more:hover:after,\n\t\t\t\t\t.fusion-content-boxes-1 .fusion-content-box-hover .fusion-read-more:hover:before,\n\t\t\t\t\t.fusion-content-boxes-1 .fusion-content-box-hover .fusion-read-more:hover,\n\t\t\t\t\t.fusion-content-boxes-1 .fusion-content-box-hover .link-area-box-hover.link-area-box .fusion-read-more,\n\t\t\t\t\t.fusion-content-boxes-1 .fusion-content-box-hover .link-area-box-hover.link-area-box .fusion-read-more::after,\n\t\t\t\t\t.fusion-content-boxes-1 .fusion-content-box-hover .link-area-box-hover.link-area-box .fusion-read-more::before,\n\t\t\t\t\t.fusion-content-boxes-1 .fusion-content-box-hover .link-area-link-icon-hover .icon .circle-no,\n\t\t\t\t\t.fusion-content-boxes-1 .heading .heading-link:hover .content-box-heading {\n\t\t\t\t\t\tcolor: #bbd531;\n\t\t\t\t\t}\n\t\t\t\t\t.fusion-content-boxes-1 .fusion-content-box-hover .link-area-box-hover .icon .circle-no {\n\t\t\t\t\t\tcolor: #bbd531 !important;\n\t\t\t\t\t}.fusion-content-boxes-1 .fusion-content-box-hover .link-area-box.link-area-box-hover .fusion-content-box-button {background: #5ac5ed;color: #ffffff;}.fusion-content-boxes-1 .fusion-content-box-hover .link-area-box.link-area-box-hover .fusion-content-box-button .fusion-button-text {color: #ffffff;}\n\t\t\t\t\t.fusion-content-boxes-1 .fusion-content-box-hover .link-area-link-icon-hover .heading .icon > span {\n\t\t\t\t\t\tbackground-color: #bbd531 !important;\n\t\t\t\t\t}\n\t\t\t\t\t.fusion-content-boxes-1 .fusion-content-box-hover .link-area-box-hover .heading .icon > span {\n\t\t\t\t\t\tborder-color: #bbd531 !important;\n\t\t\t\t\t}<\/style><div class=\"fusion-column content-box-column content-box-column content-box-column-1 col-lg-4 col-md-4 col-sm-4 fusion-content-box-hover content-box-column-first-in-row\"><div class=\"col content-box-wrapper content-wrapper link-area-box link-type-button icon-hover-animation-slide\" style=\"background-color:rgba(255,255,255,0);\" data-link=\"tel:040 684 566\" data-link-target=\"_self\" data-animationoffset=\"100%\"><div class=\"heading heading-with-icon icon-left\"><a class=\"heading-link\" href=\"tel:040 684 566\" target=\"_self\"><div class=\"icon\"><i style=\"background-color:transparent;border-color:transparent;height:auto;width: 50px;line-height:normal;color:#00adee;font-size:50px;\" class=\"fontawesome-icon fa-phone-volume fas circle-no\"><\/i><\/div><h2 class=\"content-box-heading\" style=\"font-size:32px;line-height:37px;\">Call us<\/h2><\/a><\/div><div class=\"fusion-clearfix\"><\/div><div class=\"content-container\" style=\"color:#8f8f8f;\">\n<p>Strawberry (Jagoda) group: <a href=\"tel: 38640335860\">040 335 860<\/a><br \/>\nCherry (\u010ce\u0161nja) group: <a href=\"tel: 38640280833\">040 603 803<\/a><br \/>\n\u017diva Ribi\u010di\u010d: <a href=\"tel: 38631628138\">031 628 138<\/a><\/p>\n<\/div><\/div><\/div><div class=\"fusion-column content-box-column content-box-column content-box-column-2 col-lg-4 col-md-4 col-sm-4 fusion-content-box-hover\"><div class=\"col content-box-wrapper content-wrapper link-area-box link-type-button icon-hover-animation-slide\" style=\"background-color:rgba(255,255,255,0);\" data-link=\"mailto:info@modrapikica.si\" data-link-target=\"_self\" data-animationoffset=\"100%\"><div class=\"heading heading-with-icon icon-left\"><a class=\"heading-link\" href=\"mailto:info@modrapikica.si\" target=\"_self\"><div class=\"icon\"><i style=\"background-color:transparent;border-color:transparent;height:auto;width: 50px;line-height:normal;color:#00adee;font-size:50px;\" class=\"fontawesome-icon fa-envelope far circle-no\"><\/i><\/div><h2 class=\"content-box-heading\" style=\"font-size:32px;line-height:37px;\">Write to us<\/h2><\/a><\/div><div class=\"fusion-clearfix\"><\/div><div class=\"content-container\" style=\"color:#8f8f8f;\">\n<p><a href=\"mailto:info@modrapikica.si\">info@modrapikica.si<\/a><\/p>\n<\/div><\/div><\/div><div class=\"fusion-column content-box-column content-box-column content-box-column-3 col-lg-4 col-md-4 col-sm-4 fusion-content-box-hover content-box-column-last content-box-column-last-in-row\"><div class=\"col content-box-wrapper content-wrapper link-area-box link-type-button icon-hover-animation-slide\" style=\"background-color:rgba(255,255,255,0);\" data-link=\"https:\/\/www.google.si\/maps\/place\/Hi%C5%A1a+otrok+Be%C5%BEigrad\/@46.0765242,14.5072173,17z\/data=!4m13!1m7!3m6!1s0x476532c1e8501487:0xc00afe168cf1bf82!2sTolstojeva+ulica+9a,+1000+Ljubljana!3b1!8m2!3d46.0765242!4d14.509406!3m4!1s0x476532c1e8501487:0xf1178924d2a191ea!8m2!3d46.0765242!4d14.509406\" data-link-target=\"_self\" data-animationoffset=\"100%\"><div class=\"heading heading-with-icon icon-left\"><a class=\"heading-link\" href=\"https:\/\/www.google.si\/maps\/place\/Hi%C5%A1a+otrok+Be%C5%BEigrad\/@46.0765242,14.5072173,17z\/data=!4m13!1m7!3m6!1s0x476532c1e8501487:0xc00afe168cf1bf82!2sTolstojeva+ulica+9a,+1000+Ljubljana!3b1!8m2!3d46.0765242!4d14.509406!3m4!1s0x476532c1e8501487:0xf1178924d2a191ea!8m2!3d46.0765242!4d14.509406\" target=\"_self\"><div class=\"icon\"><i style=\"background-color:transparent;border-color:transparent;height:auto;width: 50px;line-height:normal;color:#00adee;font-size:50px;\" class=\"fontawesome-icon fa-globe fas circle-no\"><\/i><\/div><h2 class=\"content-box-heading\" style=\"font-size:32px;line-height:37px;\">Pay us a visit<\/h2><\/a><\/div><div class=\"fusion-clearfix\"><\/div><div class=\"content-container\" style=\"color:#8f8f8f;\">\n<p><a href=\"https:\/\/goo.gl\/maps\/gZPtP7y5wJ22\">Ma\u0161era \u2013 Spasi\u0107eva ulica 8, 1000 Ljubljana<\/a><\/p>\n<\/div><\/div><\/div><style type=\"text\/css\">\n\t\t\t\t\t\t.fusion-content-boxes-1 .fusion-content-box-hover .heading-link:hover .icon i.circle-yes,\n\t\t\t\t\t\t.fusion-content-boxes-1 .fusion-content-box-hover .link-area-box:hover .heading-link .icon i.circle-yes,\n\t\t\t\t\t\t.fusion-content-boxes-1 .fusion-content-box-hover .link-area-link-icon-hover .heading .icon i.circle-yes,\n\t\t\t\t\t\t.fusion-content-boxes-1 .fusion-content-box-hover .link-area-box-hover .heading .icon i.circle-yes {\n\t\t\t\t\t\t\tbackground-color: #bbd531 !important;\n\t\t\t\t\t\t\tborder-color: #bbd531 !important;\n\t\t\t\t\t\t}<\/style><div class=\"fusion-clearfix\"><\/div><\/div><\/div><\/div><div class=\"fusion-clearfix\"><\/div><\/div><\/div><div  class=\"fusion-layout-column fusion_builder_column fusion_builder_column_1_1 fusion-builder-column-3 fusion-one-full fusion-column-first fusion-column-last fusion-column-no-min-height 1_1\"  style='margin-top:0px;margin-bottom:50px;'><div class=\"fusion-column-wrapper\" style=\"padding: 0px 0px 0px 0px;background-position:left top;background-repeat:no-repeat;-webkit-background-size:cover;-moz-background-size:cover;-o-background-size:cover;background-size:cover;\"   data-bg-url=\"\"><div class=\"fusion-text\"><h2 style=\"text-align: center;\">How to get to our building<\/h2>\n<\/div><div class=\"fusion-clearfix\"><\/div><\/div><\/div><div  class=\"fusion-layout-column fusion_builder_column fusion_builder_column_1_1 fusion-builder-column-4 fusion-one-full fusion-column-first fusion-column-last fusion-column-no-min-height 1_1\"  style='margin-top:0px;margin-bottom:50px;'><div class=\"fusion-column-wrapper\" style=\"padding: 0px 0px 0px 0px;background-position:left top;background-repeat:no-repeat;-webkit-background-size:cover;-moz-background-size:cover;-o-background-size:cover;background-size:cover;\"   data-bg-url=\"\"><div class=\"fusion-text\"><p><strong>Directions to Ma\u0161era Spasi\u0107eva 8:<\/strong><\/p>\n<p><u>Via Dunajska cesta:<\/u> When arriving from the direction of the northern ring road, drive along Dunajska cesta towards the AMZS intersection, pass the traffic lights and take the first turn on your right, which is right behind the office buildings of Addiko banka and Gen-i. Drive along the street for around 200 metres and you will notice two gates on your right; make a turn at the second gate (the one with Svetila Strla and ProShop signage). Keep driving to the end of the driveway \u2013 our kindergarten is located in the building in front of you. The second entrance from your left is the entrance for the kindergarten administration of Modra pikica.<\/p>\n<p><u>Via Sloven\u010deva ulica:<\/u> When arriving from the direction of the northern ring road, drive along Sloven\u010deva ulica, pass the Spar (on your left) and take the first turn on your left, around 100 metres after Spar, taking you onto Ma\u0161era Spasi\u0107eva ulica. Drive along the street for around 200 metres until you reach a gate on your left (the one with Svetila Strla and ProShop signage). Take a left turn and keep driving to the end of the driveway \u2013 our kindergarten is located in the building in front of you. The second entrance from your left is the entrance for the kindergarten administration of Modra pikica.<\/p>\n<\/div><div class=\"fusion-clearfix\"><\/div><\/div><\/div><\/div><\/div><div class=\"fusion-fullwidth fullwidth-box fusion-builder-row-4 hundred-percent-fullwidth non-hundred-percent-height-scrolling\"  style='background-color: rgba(255,255,255,0);background-position: left top;background-repeat: no-repeat;border-top-width:0px;border-bottom-width:0px;border-color:#eae9e9;border-top-style:solid;border-bottom-style:solid;'><div class=\"fusion-builder-row fusion-row\"><div  class=\"fusion-layout-column fusion_builder_column fusion_builder_column_1_1 fusion-builder-column-5 fusion-one-full fusion-column-first fusion-column-last 1_1\"  style='margin-top:0px;margin-bottom:0px;'><div class=\"fusion-column-wrapper\" style=\"padding: 0px 0px 0px 0px;background-position:left top;background-repeat:no-repeat;-webkit-background-size:cover;-moz-background-size:cover;-o-background-size:cover;background-size:cover;\"   data-bg-url=\"\"><div class=\"shortcode-map fusion-google-map fusion-maps-embed-type\"><iframe loading=\"lazy\" width=\"50%\" height=\"300px\" frameborder=\"0\" style=\"border:0\" src=\"https:\/\/www.google.com\/maps\/embed\/v1\/place?key=AIzaSyAaquwJvrqs6Lh6rOn2HZ2hc0cpuI57hVY&language=en-GB&q=Ma\u0161era-Spasi\u0107eva+ulica+8,+1000+Ljubljana&maptype=roadmap&zoom=15\" allowfullscreen><\/iframe><\/div><div class=\"fusion-clearfix\"><\/div><\/div><\/div><\/div><\/div><\/p>","protected":false},"excerpt":{"rendered":"","protected":false},"author":3,"featured_media":0,"parent":0,"menu_order":0,"comment_status":"closed","ping_status":"closed","template":"100-width.php","meta":{"footnotes":""},"class_list":["post-10","page","type-page","status-publish","hentry"],"_links":{"self":[{"href":"https:\/\/modrapikica.si\/en\/wp-json\/wp\/v2\/pages\/10","targetHints":{"allow":["GET"]}}],"collection":[{"href":"https:\/\/modrapikica.si\/en\/wp-json\/wp\/v2\/pages"}],"about":[{"href":"https:\/\/modrapikica.si\/en\/wp-json\/wp\/v2\/types\/page"}],"author":[{"embeddable":true,"href":"https:\/\/modrapikica.si\/en\/wp-json\/wp\/v2\/users\/3"}],"replies":[{"embeddable":true,"href":"https:\/\/modrapikica.si\/en\/wp-json\/wp\/v2\/comments?post=10"}],"version-history":[{"count":0,"href":"https:\/\/modrapikica.si\/en\/wp-json\/wp\/v2\/pages\/10\/revisions"}],"wp:attachment":[{"href":"https:\/\/modrapikica.si\/en\/wp-json\/wp\/v2\/media?parent=10"}],"curies":[{"name":"wp","href":"https:\/\/api.w.org\/{rel}","templated":true}]}}