{"id":21024,"date":"2024-08-12T12:07:49","date_gmt":"2024-08-12T10:07:49","guid":{"rendered":"https:\/\/modrapikica.si\/?page_id=21024"},"modified":"2024-08-12T13:38:27","modified_gmt":"2024-08-12T11:38:27","slug":"piskotki","status":"publish","type":"page","link":"https:\/\/modrapikica.si\/en\/piskotki\/","title":{"rendered":"Cookies"},"content":{"rendered":"<p><div class=\"fusion-fullwidth fullwidth-box fusion-builder-row-1 nonhundred-percent-fullwidth non-hundred-percent-height-scrolling\"  style='background-color: rgba(233,30,99,0);background-position: left top;background-repeat: no-repeat;padding-top:100px;padding-right:0px;padding-bottom:70px;padding-left:0px;border-top-width:0px;border-bottom-width:0px;border-color:#eae9e9;border-top-style:solid;border-bottom-style:solid;'><div class=\"fusion-builder-row fusion-row\"><div  class=\"fusion-layout-column fusion_builder_column fusion_builder_column_1_1 fusion-builder-column-0 fusion-one-full fusion-column-first fusion-column-last 1_1\"  style='margin-top:0px;margin-bottom:50px;'><div class=\"fusion-column-wrapper\" style=\"padding: 0px 0px 0px 0px;background-position:left top;background-repeat:no-repeat;-webkit-background-size:cover;-moz-background-size:cover;-o-background-size:cover;background-size:cover;\"   data-bg-url=\"\"><div class=\"fusion-text\"><h3>Kazalo<\/h3>\n<ul>\n<li>Kaj so pi\u0161kotki?<\/li>\n<li>Zakaj so pi\u0161kotki nujni?<\/li>\n<li>Zakaj na\u0161a spletna stran uporablja pi\u0161kotke?<\/li>\n<li>Onemogo\u010denje pi\u0161kotkov<\/li>\n<li>Vrste pi\u0161kotkov, ki jih uporabljamo na tem spletnem mestu<\/li>\n<li>Tabela uporabljenih pi\u0161kotov<\/li>\n<\/ul>\n<h3>Kaj so pi\u0161kotki?<\/h3>\n<p>Pi\u0161kotki so majhne datoteke, ki jih nalo\u017eimo na va\u0161 ra\u010dunalnik, z namenom izbolj\u0161anja uporabni\u0161ke izku\u0161nje. Pi\u0161kotki sami ne vsebujejo nobenih podatkov. Vedno imate mo\u017enost, da pi\u0161kotke sprejmete ali zavrnete. Njihovo shranjevanje je pod popolnim nadzorom brskalnika, ki ga uporablja uporabnik. Pi\u0161kotki so majhne datoteke, ki jih obiskana spletna mesta po\u0161ljejo v va\u0161 ra\u010dunalnik in shranijo na njem. Obi\u010dajno vsebujejo: ime stre\u017enika, s katerega je bil poslan pi\u0161kotek; \u017eivljenjsko dobo pi\u0161kotka; vrednost (edinstveno \u0161tevilko). Pi\u0161kotki so shranjeni v datote\u010dnem imeniku spletnega brskalnika. Ob naslednjem obisku spletnega mesta brskalnik prebere pi\u0161kotek in posreduje informacije spletnemu mestu ali drugemu elementu, ki je nastavil pi\u0161kotek.<\/p>\n<h3>Zakaj so pi\u0161kotki nujni?<\/h3>\n<p>So temeljnega pomena za zagotavljanje uporabniku prijaznih spletnih storitev. Interakcija med spletnim uporabnikom in spletnim mestom je s pomo\u010djo pi\u0161kotkov hitrej\u0161a in enostavnej\u0161a. Z njihovo pomo\u010djo si spletno mesto zapomni posameznikove preference in izku\u0161nje, s tem je prihranjen \u010das, brskanje po spletnih mestih pa bolj u\u010dinkovito in prijazno.<\/p>\n<p>Nekaj konkretnih primerov uporabe pi\u0161kotkov:<\/p>\n<ul>\n<li>za bolj\u0161o uporabni\u0161ko izku\u0161njo spletne strani obiskovalcem prilagodimo prikaz vsebine glede na pretekle obiske<\/li>\n<li>za shranjevanje izbire pri ustvarjanju o\u017ejega izbora naprav in ponudbe ter njihove primerjave<\/li>\n<li>na delih spletnih mestih, kjer je potrebna prijava, vas ohranimo prijavljene<\/li>\n<li>za prepoznavanje va\u0161e naprave (ra\u010dunalnik, tablica, mobitel), ki omogo\u010da prilagajanje prikaza vsebine va\u0161i napravi<\/li>\n<li>za spremljanje obiska, kar omogo\u010da preverjanje u\u010dinkovitosti prikaza vsebin in ustreznosti oglasov ter stalno izbolj\u0161avo spletnih strani<\/li>\n<li>za delovanje dolo\u010denih storitev so nujni (npr. spletne trgovine in druge oblike e-poslovanja, \u2026)<\/li>\n<\/ul>\n<h3>Zakaj na\u0161a spletna stran uporablja pi\u0161kotke?<\/h3>\n<p>Pi\u0161kotki so pomembno sredstvo za ohranjanje sve\u017ee in primerne vsebine, ki je v skladu z interesi in preferencami posameznega spletnega uporabnika. Razlogi za uporabo pi\u0161kotkov izhajajo iz njihovih lastnosti, ena izmed njih je shranjevanja podatkov o stanju posamezne spletne strani), pi\u0161kotki pomagajo pri izvajanju raznih spletnih storitev (spletne trgovine), pomagajo pri zbiranju raznih statistik, saj se le z njimi lahko spremlja pogostost obiskovanja dolo\u010dene spletne strani. S pomo\u010djo pi\u0161kotkov lahko upravljavec spletne strani oceni u\u010dinkovitost zasnove svoje spletne strani, kot tudi ustreznost vrste in \u0161tevila oglasov, ki jih ponujajo tretji uporabnikom na njegovi spletni strani.<\/p>\n<h3>Onemogo\u010denje pi\u0161kotkov<\/h3>\n<p>Sami se odlo\u010date, ali boste dovolili shranjevanje pi\u0161kotkov na va\u0161em ra\u010dunalniku ali ne. Nastavitve za pi\u0161kotke lahko nadzirate in spreminjate s pomo\u010djo izbranih nastavitev spletnega brskalnika. Za informacije o nastavitvah za pi\u0161kotke, izberite spletni brskalnik, ki ga uporabljate.<\/p>\n<ul>\n<li><a href=\"https:\/\/support.google.com\/chrome\/answer\/95647?hl=sl-sl&amp;p=cpn_cookies\" target=\"_blank\" rel=\"noopener noreferrer\">Chrome<\/a><\/li>\n<li><a href=\"https:\/\/support.mozilla.org\/sl\/kb\/izbrisite-piskotke-podatke-strani\" target=\"_blank\" rel=\"noopener noreferrer\">Firefox<\/a><\/li>\n<li><a href=\"https:\/\/support.microsoft.com\/sl-si\/windows\/upravljanje-pi%C5%A1kotkov-v-brskalniku-microsoft-edge-ogled-omogo%C4%8Danje-blokiranje-brisanje-in-uporaba-168dab11-0753-043d-7c16-ede5947fc64d\" target=\"_blank\" rel=\"noopener noreferrer\">Edge<\/a><\/li>\n<li><a href=\"http:\/\/www.opera.com\/help\/tutorials\/security\/cookies\/\" target=\"_blank\" rel=\"noopener noreferrer\">Opera<\/a> (stran v angle\u0161kem jeziku)<\/li>\n<li><a href=\"https:\/\/support.apple.com\/sl-si\/guide\/safari\/sfri11471\/mac\" target=\"_blank\" rel=\"noopener noreferrer\">Safari<\/a> (stran v angle\u0161kem jeziku)<\/li>\n<\/ul>\n<h3>Vrste pi\u0161kotkov, ki jih uporabljamo na tem spletnem mestu<\/h3>\n<p>Za zagotavljanje delovanja vseh funkcij spletnega mesta, se uporabljajo naslednji pi\u0161kotki (ang. cookies):<\/p>\n<ul>\n<li>pi\u0161kotki za analiti\u010dne namene<\/li>\n<li>pi\u0161kotek za spremljanje itinerarja neregistriranih uporabnikov<\/li>\n<li>dolo\u010dene vsebine se prilagodijo za dolo\u010denega uporabnika, analiza obiska spletnega mesta omogo\u010da stalno izbolj\u0161evanje spletnega mesta<\/li>\n<\/ul>\n<p>Natan\u010den opis posameznega pi\u0161kotka in \u010das njegove namestitve je razviden iz spodnjih tabel:<\/p>\n<p>1. Skupina: Nujni pi\u0161kotki<\/p>\n<p>Pi\u0161kotki so tekstovne datoteke, ki na stre\u017eniku prepoznajo va\u0161 ra\u010dunalnik. Pi\u0161kotki sami po sebi ne prepoznajo individualnega uporabnika, pa\u010d pa ra\u010dunalnik, ki je bil uporabljen pri dostopu na spletno stran. Nujni pi\u0161kotki naredijo spletno stran uporabno, saj omogo\u010dajo osnovne funkcije, kot so navigacija po strani in dostop do varnih obmo\u010dij spletne strani. Spletna stran brez teh pi\u0161kotkov ne deluje pravilno.<\/p>\n<p>2. Skupina: Opcijski\/analiti\u010dni pi\u0161kotki<\/p>\n<p>Pi\u0161kotki za statistiko pomagajo lastnikom spletnih strani razumeti, kako obiskovalci uporabljajo spletno stran tako, da anonimno zbirajo in javljajo informacije.<\/p>\n<p>3. Skupina: Pi\u0161kotki za tr\u017eenje<\/p>\n<p>Uporabljajo se za sledenje uporabnikom prek spletne strani. Namen je prikazovanje oglasov, ki so primerni in zanimivi za posameznega uporabnika.<\/p>\n<h3>Tabela uporabljenih pi\u0161kotkov<\/h3>\n<\/div><div class= \"cky-audit-table-element\"><\/div><div class=\"fusion-clearfix\"><\/div><\/div><\/div><\/div><\/div><style type=\"text\/css\">.fusion-fullwidth.fusion-builder-row-1 a:not(.fusion-button):not(.fusion-builder-module-control):not(.fusion-social-network-icon):not(.fb-icon-element):not(.fusion-countdown-link):not(.fusion-rollover-link):not(.fusion-rollover-gallery):not(.add_to_cart_button):not(.show_details_button):not(.product_type_external):not(.fusion-quick-view):not(.fusion-rollover-title-link) , .fusion-fullwidth.fusion-builder-row-1 a:not(.fusion-button):not(.fusion-builder-module-control):not(.fusion-social-network-icon):not(.fb-icon-element):not(.fusion-countdown-link):not(.fusion-rollover-link):not(.fusion-rollover-gallery):not(.add_to_cart_button):not(.show_details_button):not(.product_type_external):not(.fusion-quick-view):not(.fusion-rollover-title-link):before, .fusion-fullwidth.fusion-builder-row-1 a:not(.fusion-button):not(.fusion-builder-module-control):not(.fusion-social-network-icon):not(.fb-icon-element):not(.fusion-countdown-link):not(.fusion-rollover-link):not(.fusion-rollover-gallery):not(.add_to_cart_button):not(.show_details_button):not(.product_type_external):not(.fusion-quick-view):not(.fusion-rollover-title-link):after {color: #00adee;}.fusion-fullwidth.fusion-builder-row-1 a:not(.fusion-button):not(.fusion-builder-module-control):not(.fusion-social-network-icon):not(.fb-icon-element):not(.fusion-countdown-link):not(.fusion-rollover-link):not(.fusion-rollover-gallery):not(.add_to_cart_button):not(.show_details_button):not(.product_type_external):not(.fusion-quick-view):not(.fusion-rollover-title-link):hover, .fusion-fullwidth.fusion-builder-row-1 a:not(.fusion-button):not(.fusion-builder-module-control):not(.fusion-social-network-icon):not(.fb-icon-element):not(.fusion-countdown-link):not(.fusion-rollover-link):not(.fusion-rollover-gallery):not(.add_to_cart_button):not(.show_details_button):not(.product_type_external):not(.fusion-quick-view):not(.fusion-rollover-title-link):hover:before, .fusion-fullwidth.fusion-builder-row-1 a:not(.fusion-button):not(.fusion-builder-module-control):not(.fusion-social-network-icon):not(.fb-icon-element):not(.fusion-countdown-link):not(.fusion-rollover-link):not(.fusion-rollover-gallery):not(.add_to_cart_button):not(.show_details_button):not(.product_type_external):not(.fusion-quick-view):not(.fusion-rollover-title-link):hover:after {color: #009eed;}.fusion-fullwidth.fusion-builder-row-1 .pagination a.inactive:hover, .fusion-fullwidth.fusion-builder-row-1 .fusion-filters .fusion-filter.fusion-active a {border-color: #009eed;}.fusion-fullwidth.fusion-builder-row-1 .pagination .current {border-color: #009eed; background-color: #009eed;}.fusion-fullwidth.fusion-builder-row-1 .fusion-filters .fusion-filter.fusion-active a, .fusion-fullwidth.fusion-builder-row-1 .fusion-date-and-formats .fusion-format-box, .fusion-fullwidth.fusion-builder-row-1 .fusion-popover, .fusion-fullwidth.fusion-builder-row-1 .tooltip-shortcode {color: #009eed;}#main .fusion-fullwidth.fusion-builder-row-1 .post .blog-shortcode-post-title a:hover {color: #009eed;}<\/style><div class=\"fusion-fullwidth fullwidth-box fusion-builder-row-2 nonhundred-percent-fullwidth non-hundred-percent-height-scrolling\"  style='background-color: #3cc083;background-position: center center;background-repeat: no-repeat;padding-top:60px;padding-right:0px;padding-left:0px;border-top-width:0px;border-bottom-width:0px;border-color:#eae9e9;border-top-style:solid;border-bottom-style:solid;'><div class=\"fusion-builder-row fusion-row\"><div  class=\"fusion-layout-column fusion_builder_column fusion_builder_column_1_1 fusion-builder-column-1 fusion-one-full fusion-column-first fusion-column-last fusion-column-no-min-height 1_1\"  style='margin-top:0px;margin-bottom:0px;'><div class=\"fusion-column-wrapper\" style=\"padding: 0px 0px 0px 0px;background-position:left top;background-repeat:no-repeat;-webkit-background-size:cover;-moz-background-size:cover;-o-background-size:cover;background-size:cover;\"   data-bg-url=\"\"><div class=\"fusion-section-separator section-separator clouds fusion-section-separator-with-offset\" style=\"padding:0;margin-left:calc( (100vw - 100% ) \/ -2 );margin-right:calc( (100vw - 100% ) \/ -2  );\"><svg class=\"fusion-clouds-candy\" xmlns=\"http:\/\/www.w3.org\/2000\/svg\" version=\"1.1\" width=\"100%\" height=\"100\" viewbox=\"0 0 100 100\" preserveaspectratio=\"none\" style=\"fill:#00adee;padding:0;\"><path d=\"M-5 100 Q 0 20 5 100 Z\"><\/path>\n\t\t\t\t\t\t\t\t<path d=\"M0 100 Q 5 0 10 100\"><\/path>\n\t\t\t\t\t\t\t\t<path d=\"M5 100 Q 10 30 15 100\"><\/path>\n\t\t\t\t\t\t\t\t<path d=\"M10 100 Q 15 10 20 100\"><\/path>\n\t\t\t\t\t\t\t\t<path d=\"M15 100 Q 20 30 25 100\"><\/path>\n\t\t\t\t\t\t\t\t<path d=\"M20 100 Q 25 -10 30 100\"><\/path>\n\t\t\t\t\t\t\t\t<path d=\"M25 100 Q 30 10 35 100\"><\/path>\n\t\t\t\t\t\t\t\t<path d=\"M30 100 Q 35 30 40 100\"><\/path>\n\t\t\t\t\t\t\t\t<path d=\"M35 100 Q 40 10 45 100\"><\/path>\n\t\t\t\t\t\t\t\t<path d=\"M40 100 Q 45 50 50 100\"><\/path>\n\t\t\t\t\t\t\t\t<path d=\"M45 100 Q 50 20 55 100\"><\/path>\n\t\t\t\t\t\t\t\t<path d=\"M50 100 Q 55 40 60 100\"><\/path>\n\t\t\t\t\t\t\t\t<path d=\"M55 100 Q 60 60 65 100\"><\/path>\n\t\t\t\t\t\t\t\t<path d=\"M60 100 Q 65 50 70 100\"><\/path>\n\t\t\t\t\t\t\t\t<path d=\"M65 100 Q 70 20 75 100\"><\/path>\n\t\t\t\t\t\t\t\t<path d=\"M70 100 Q 75 45 80 100\"><\/path>\n\t\t\t\t\t\t\t\t<path d=\"M75 100 Q 80 30 85 100\"><\/path>\n\t\t\t\t\t\t\t\t<path d=\"M80 100 Q 85 20 90 100\"><\/path>\n\t\t\t\t\t\t\t\t<path d=\"M85 100 Q 90 50 95 100\"><\/path>\n\t\t\t\t\t\t\t\t<path d=\"M90 100 Q 95 25 100 100\"><\/path>\n\t\t\t\t\t\t\t\t<path d=\"M95 100 Q 100 15 105 100 Z\"><\/path><\/svg><\/div><div class=\"fusion-clearfix\"><\/div><\/div><\/div><\/div><\/div><\/p>","protected":false},"excerpt":{"rendered":"","protected":false},"author":10,"featured_media":0,"parent":0,"menu_order":0,"comment_status":"closed","ping_status":"closed","template":"100-width.php","meta":{"footnotes":""},"class_list":["post-21024","page","type-page","status-publish","hentry"],"_links":{"self":[{"href":"https:\/\/modrapikica.si\/en\/wp-json\/wp\/v2\/pages\/21024","targetHints":{"allow":["GET"]}}],"collection":[{"href":"https:\/\/modrapikica.si\/en\/wp-json\/wp\/v2\/pages"}],"about":[{"href":"https:\/\/modrapikica.si\/en\/wp-json\/wp\/v2\/types\/page"}],"author":[{"embeddable":true,"href":"https:\/\/modrapikica.si\/en\/wp-json\/wp\/v2\/users\/10"}],"replies":[{"embeddable":true,"href":"https:\/\/modrapikica.si\/en\/wp-json\/wp\/v2\/comments?post=21024"}],"version-history":[{"count":0,"href":"https:\/\/modrapikica.si\/en\/wp-json\/wp\/v2\/pages\/21024\/revisions"}],"wp:attachment":[{"href":"https:\/\/modrapikica.si\/en\/wp-json\/wp\/v2\/media?parent=21024"}],"curies":[{"name":"wp","href":"https:\/\/api.w.org\/{rel}","templated":true}]}}