{"id":21026,"date":"2024-08-12T12:18:05","date_gmt":"2024-08-12T10:18:05","guid":{"rendered":"https:\/\/modrapikica.si\/?page_id=21026"},"modified":"2024-08-12T13:41:03","modified_gmt":"2024-08-12T11:41:03","slug":"varstvo-podatkov","status":"publish","type":"page","link":"https:\/\/modrapikica.si\/en\/varstvo-podatkov\/","title":{"rendered":"Varstvo podatkov"},"content":{"rendered":"<p><div class=\"fusion-fullwidth fullwidth-box fusion-builder-row-1 nonhundred-percent-fullwidth non-hundred-percent-height-scrolling\"  style='background-color: rgba(255,255,255,0);background-position: left top;background-repeat: no-repeat;padding-top:100px;padding-right:0px;padding-bottom:70px;padding-left:0px;border-top-width:0px;border-bottom-width:0px;border-color:#eae9e9;border-top-style:solid;border-bottom-style:solid;'><div class=\"fusion-builder-row fusion-row\"><div  class=\"fusion-layout-column fusion_builder_column fusion_builder_column_1_1 fusion-builder-column-0 fusion-one-full fusion-column-first fusion-column-last 1_1\"  style='margin-top:0px;margin-bottom:50px;'><div class=\"fusion-column-wrapper\" style=\"padding: 0px 0px 0px 0px;background-position:left top;background-repeat:no-repeat;-webkit-background-size:cover;-moz-background-size:cover;-o-background-size:cover;background-size:cover;\"   data-bg-url=\"\"><div class=\"fusion-text\"><h3>SPO\u0160TUJEMO VA\u0160O ZASEBNOST<\/h3>\n<p>V primeru, da nam na strani ponudite katerikoli osebni podatek, bomo spo\u0161tovali va\u0161o zasebnost. Na\u0161a politika glede varovanja podatkov je naslednja: Uporabnikom vedno natan\u010dno povemo, kako bomo uporabili podatke, ki jih vpi\u0161ejo v razli\u010dne obrazce na spletni strani. Vsi ti podatki pa nikoli niso dostopni tretjim osebam. Podatkov o na\u0161ih uporabnikih nikoli ne dajemo v najem, jih ne prodajamo in ne dovolimo, da bi jih uporabila katerakoli tretja oseba.<\/p>\n<h3>SOGLASJE ZA OBDELAVO OSEBNIH PODATKOV<\/h3>\n<p>S posredovanjem oziroma izpolnitvijo zahtevanih osebnih in drugih podatkov izjavljam, da sem seznanjen\/a in sogla\u0161am ter izrecno dovoljujem in poobla\u0161\u010dam dru\u017ebo, <strong>Modra Pikica, private educational organisation<\/strong>, da zbira in obdeluje moje osebne in druge podatke, ki sem jih vnesel\/a v vnosni obrazec (v nadaljevanju: podatki), za namene neposrednega tr\u017eenja storitev in produktov dru\u017ebe (na primer obve\u0161\u010danje o novostih storitev in produktov, ki jih tr\u017ei, poizvedbe, priprave ponudbe oziroma odgovora ter vzpostavitve kontakta oziroma komunikacije, pri \u010demer lahko dru\u017eba uporablja razli\u010dne komunikacijske kanale \u2013 telefon, navadna po\u0161ta, elektronska po\u0161ta).<\/p>\n<p>Dru\u017eba pridobljene osebne podatke zbira in obdeluje v skladu z dolo\u010dbami GDPR in veljavnega zakonodaje, ki ureja varstvo osebnih podatkov. Seznanjen\/a sem, da se lahko od prejemanja vseh tr\u017enih e-sporo\u010dil, namenjenih za neposredno tr\u017eenje storitev (v nadaljevanju: tr\u017ena e-sporo\u010dila) dru\u017ebe kadarkoli odjavim s posredovanjem pisne izjave dru\u017ebi na e-naslov\u00a0<a href=\"mailto:info@modrapikica.si\">info@modrapikica.si<\/a>\u00a0ali na naslov <strong>Modra pikica, Zavod za izobra\u017eevanje, Ma\u0161era &#8211; Spasi\u0107eva ulica 8, 1000 Ljubljana<\/strong>.<\/p>\n<p>Seznanjen\/a sem, da bo dru\u017eba z mojo odjavo prenehala uporabljati moje osebne podatke za namen neposrednega tr\u017eenja. Seznanjen\/a sem, da se z odjavo od tr\u017enih e-sporo\u010dil samodejno odjavim tudi od prejemanja vseh obvestil, na katera sem morebiti prijavljen\/a. Seznanjen\/a sem, da dru\u017eba z mojo odjavo od tr\u017enih e-sporo\u010dil preneha uporabljati moje osebne podatke za namen neposrednega tr\u017eenja, od dru\u017ebe pa lahko kadarkoli pisno zahtevam, da trajno ali za\u010dasno preneha uporabljati moje osebne podatke za namen neposrednega tr\u017eenja.<\/p>\n<p>Izjavljam, da sem seznanjen\/a in sogla\u0161am s tem, da moje navedene osebne podatke upravlja in obdeluje oziroma uporablja dru\u017eba <strong>Modra pikica, Zavod za izobra\u017eevanje, Ma\u0161era &#8211; Spasi\u0107eva ulica 8, 1000 Ljubljana<\/strong>, v svoji bazi osebnih podatkov za neposredno tr\u017eenje. Izjavljam, da sem seznanjen\/a z dejstvom, da dajem te svoje osebne podatke prostovoljno in brez posledic \u010de odklonim. Upravljalec posameznikom, katerih podatke obdeluje zagotavlja vse pravice v skladu z GDPR (Splo\u0161na uredba o varstvu podatkov) ter veljavno zakonodajo na podro\u010dju varstva osebnih podatkom.<\/p>\n<p>Na e-naslov\u00a0\u00a0<a href=\"mailto:info@modrapikica.si\">info@modrapikica.si<\/a>\u00a0ali pisno na naslov <strong>Modra pikica, Zavod za izobra\u017eevanje, Ma\u0161era &#8211; Spasi\u0107eva ulica 8, 1000 Ljubljana<\/strong>, lahko v zvezi z va\u0161imi osebnimi podatki, ki jih obdelujemo po\u0161ljete svojo zahtevo:<\/p>\n<ul>\n<li>za pridobitev potrditve ali v zvezi z vami obdelujemo osebne podatke<\/li>\n<li>za dostop do osebnih podatkov, ki se nana\u0161ajo na vas<\/li>\n<li>za pridobitev informacij: O namenu obdelave, o vrsti zadevnih osebnih podatkov, o uporabnikih in kategorijah uporabnikov, ki so jim osebni podatki razkriti in o obdobju hrambe osebnih podatkov<\/li>\n<li>za popravek osebnega podatka, ki se nana\u0161a na vas<\/li>\n<li>za izbris osebnega podatka, ki se nana\u0161a na vas<\/li>\n<li>za omejitev na\u0161e obdelave\/uporabe osebnega podatka, ki se nana\u0161a na vas<\/li>\n<li>da ugovarjate obdelavi\/uporabi osebnega podatka, ki se nana\u0161a na vas<\/li>\n<li>da preklicujete va\u0161o privolitev za uporabo\/obdelavo enega ali ve\u010d osebnih podatkov, ki se nana\u0161ajo na vas<\/li>\n<\/ul>\n<p>Va\u0161o zahtevo bomo izpolnili v najkraj\u0161em mo\u017enem \u010dasu, najkasneje pa v roku 1 meseca. V zvezi z na\u0161o obdelavo osebnih podatkov, ki se nana\u0161ajo na vas, imate pravico vlo\u017eiti prito\u017ebo pri Informacijskem poobla\u0161\u010dencu.<\/p>\n<\/div><div class=\"fusion-clearfix\"><\/div><\/div><\/div><\/div><\/div><div class=\"fusion-fullwidth fullwidth-box fusion-builder-row-2 nonhundred-percent-fullwidth non-hundred-percent-height-scrolling\"  style='background-color: #3cc083;background-position: center center;background-repeat: no-repeat;padding-top:60px;padding-right:0px;padding-left:0px;border-top-width:0px;border-bottom-width:0px;border-color:#eae9e9;border-top-style:solid;border-bottom-style:solid;'><div class=\"fusion-builder-row fusion-row\"><div  class=\"fusion-layout-column fusion_builder_column fusion_builder_column_1_1 fusion-builder-column-1 fusion-one-full fusion-column-first fusion-column-last fusion-column-no-min-height 1_1\"  style='margin-top:0px;margin-bottom:0px;'><div class=\"fusion-column-wrapper\" style=\"padding: 0px 0px 0px 0px;background-position:left top;background-repeat:no-repeat;-webkit-background-size:cover;-moz-background-size:cover;-o-background-size:cover;background-size:cover;\"   data-bg-url=\"\"><div class=\"fusion-section-separator section-separator clouds fusion-section-separator-with-offset\" style=\"padding:0;margin-left:calc( (100vw - 100% ) \/ -2 );margin-right:calc( (100vw - 100% ) \/ -2  );\"><svg class=\"fusion-clouds-candy\" xmlns=\"http:\/\/www.w3.org\/2000\/svg\" version=\"1.1\" width=\"100%\" height=\"100\" viewbox=\"0 0 100 100\" preserveaspectratio=\"none\" style=\"fill:#00adee;padding:0;\"><path d=\"M-5 100 Q 0 20 5 100 Z\"><\/path>\n\t\t\t\t\t\t\t\t<path d=\"M0 100 Q 5 0 10 100\"><\/path>\n\t\t\t\t\t\t\t\t<path d=\"M5 100 Q 10 30 15 100\"><\/path>\n\t\t\t\t\t\t\t\t<path d=\"M10 100 Q 15 10 20 100\"><\/path>\n\t\t\t\t\t\t\t\t<path d=\"M15 100 Q 20 30 25 100\"><\/path>\n\t\t\t\t\t\t\t\t<path d=\"M20 100 Q 25 -10 30 100\"><\/path>\n\t\t\t\t\t\t\t\t<path d=\"M25 100 Q 30 10 35 100\"><\/path>\n\t\t\t\t\t\t\t\t<path d=\"M30 100 Q 35 30 40 100\"><\/path>\n\t\t\t\t\t\t\t\t<path d=\"M35 100 Q 40 10 45 100\"><\/path>\n\t\t\t\t\t\t\t\t<path d=\"M40 100 Q 45 50 50 100\"><\/path>\n\t\t\t\t\t\t\t\t<path d=\"M45 100 Q 50 20 55 100\"><\/path>\n\t\t\t\t\t\t\t\t<path d=\"M50 100 Q 55 40 60 100\"><\/path>\n\t\t\t\t\t\t\t\t<path d=\"M55 100 Q 60 60 65 100\"><\/path>\n\t\t\t\t\t\t\t\t<path d=\"M60 100 Q 65 50 70 100\"><\/path>\n\t\t\t\t\t\t\t\t<path d=\"M65 100 Q 70 20 75 100\"><\/path>\n\t\t\t\t\t\t\t\t<path d=\"M70 100 Q 75 45 80 100\"><\/path>\n\t\t\t\t\t\t\t\t<path d=\"M75 100 Q 80 30 85 100\"><\/path>\n\t\t\t\t\t\t\t\t<path d=\"M80 100 Q 85 20 90 100\"><\/path>\n\t\t\t\t\t\t\t\t<path d=\"M85 100 Q 90 50 95 100\"><\/path>\n\t\t\t\t\t\t\t\t<path d=\"M90 100 Q 95 25 100 100\"><\/path>\n\t\t\t\t\t\t\t\t<path d=\"M95 100 Q 100 15 105 100 Z\"><\/path><\/svg><\/div><div class=\"fusion-clearfix\"><\/div><\/div><\/div><\/div><\/div><\/p>","protected":false},"excerpt":{"rendered":"","protected":false},"author":10,"featured_media":0,"parent":0,"menu_order":0,"comment_status":"closed","ping_status":"closed","template":"100-width.php","meta":{"footnotes":""},"class_list":["post-21026","page","type-page","status-publish","hentry"],"_links":{"self":[{"href":"https:\/\/modrapikica.si\/en\/wp-json\/wp\/v2\/pages\/21026","targetHints":{"allow":["GET"]}}],"collection":[{"href":"https:\/\/modrapikica.si\/en\/wp-json\/wp\/v2\/pages"}],"about":[{"href":"https:\/\/modrapikica.si\/en\/wp-json\/wp\/v2\/types\/page"}],"author":[{"embeddable":true,"href":"https:\/\/modrapikica.si\/en\/wp-json\/wp\/v2\/users\/10"}],"replies":[{"embeddable":true,"href":"https:\/\/modrapikica.si\/en\/wp-json\/wp\/v2\/comments?post=21026"}],"version-history":[{"count":0,"href":"https:\/\/modrapikica.si\/en\/wp-json\/wp\/v2\/pages\/21026\/revisions"}],"wp:attachment":[{"href":"https:\/\/modrapikica.si\/en\/wp-json\/wp\/v2\/media?parent=21026"}],"curies":[{"name":"wp","href":"https:\/\/api.w.org\/{rel}","templated":true}]}}